{"id":159,"date":"2014-02-01T16:56:20","date_gmt":"2014-02-01T15:56:20","guid":{"rendered":"http:\/\/www.agustinbarahona.com\/blog\/?page_id=159"},"modified":"2019-06-18T14:18:31","modified_gmt":"2019-06-18T13:18:31","slug":"159-2","status":"publish","type":"page","link":"https:\/\/www.agustinbarahona.com\/blog\/foro-musica-y-cultura-mc\/159-2\/","title":{"rendered":"Debates en \u00abM\u00fasica Cl\u00e1sica y Cultura (MC&#038;C)\u00bb"},"content":{"rendered":"<p><strong>Debates en <a href=\"https:\/\/www.agustinbarahona.com\/blog\/foro-musica-y-cultura-mc\/\">\u00abM\u00fasica Cl\u00e1sica y Cultura (M&amp;C)\u00bb<\/a><\/strong> <a href=\"https:\/\/www.agustinbarahona.com\/blog\/foro-musica-y-cultura-mc\/\">(normas y estructura del foro)<\/a> (los originalmente publicados en facebook tienen enlace).<strong><br \/>\n<\/strong><\/p>\n<p><abbr>1.- <\/abbr><a href=\"https:\/\/www.agustinbarahona.com\/blog\/?p=196\" target=\"_blank\" rel=\"noopener noreferrer\"><strong>\u00abPapel de hecho y de derecho de la M\u00fasica Cl\u00e1sica en la cultura de nuestro tiempo en el as\u00ed llamado &#8216;mundo occidental&#8217; y modos de colaboraci\u00f3n parala realizaci\u00f3n y desarrollo adecuados de dicho papel\u00bb<\/strong><\/a>, propuesto por Agust\u00edn Barahona. <a href=\"https:\/\/www.facebook.com\/groups\/151731984920963\/permalink\/253945321366295\/?stream_ref=2\"><abbr title=\"mi\u00e9rcoles, 21 de Marzo de 2012 a la(s) 11:01\" data-utime=\"1332320474\">21 de Marzo de 2012 a la(s) 11:01<\/abbr><\/a><\/p>\n<p><abbr>2.- <\/abbr><a href=\"https:\/\/www.agustinbarahona.com\/blog\/?p=404\" target=\"_blank\" rel=\"noopener noreferrer\"><strong>\u00abLa muerte de las vanguardias del siglo XX (basado en el texto: \u00abRebeli\u00f3n en la M\u00fasica Cl\u00e1sica\u00bb)\u00bb<\/strong><\/a>, propuesto por Agust\u00edn Barahona. <a href=\"https:\/\/www.facebook.com\/groups\/151731984920963\/permalink\/254354731325354\/?stream_ref=2\"><abbr title=\"jueves, 22 de Marzo de 2012 a la(s) 1:34\" data-utime=\"1332372866\">22 de Marzo de 2012 a la(s) 1:34<\/abbr><\/a><\/p>\n<p><abbr>3.- <\/abbr><a href=\"https:\/\/www.agustinbarahona.com\/blog\/?p=413\" target=\"_blank\" rel=\"noopener noreferrer\"><strong>\u00abCriterios de dignidad y vulgaridad en Chopin\u00bb<\/strong><\/a>, propuesto por Inma J. Ferrero. <a href=\"https:\/\/www.facebook.com\/groups\/151731984920963\/permalink\/254730561287771\/?stream_ref=2\"><abbr title=\"jueves, 22 de Marzo de 2012 a la(s) 17:56\" data-utime=\"1332431814\">22 de Marzo de 2012 a la(s) 17:56<\/abbr><\/a><\/p>\n<p><abbr>4.- <\/abbr><a href=\"https:\/\/www.agustinbarahona.com\/blog\/hay-diferencias-en-el-modo-de-componer-entre-hombres-y-mujeres\" target=\"_blank\" rel=\"noopener noreferrer\"><strong>\u00ab\u00bfHay diferencias en el modo de componer entre hombres y mujeres?\u00bb<\/strong><\/a>, propuesto por Agust\u00edn Barahona. <a href=\"https:\/\/www.facebook.com\/groups\/151731984920963\/permalink\/256193284474832\/?stream_ref=2\"><abbr title=\"domingo, 25 de Marzo de 2012 a la(s) 2:36\" data-utime=\"1332635810\">25 de Marzo de 2012 a la(s) 2:36<\/abbr><\/a><\/p>\n<p><abbr>5.- <\/abbr><strong>\u00ab\u00bfExiste paralelismo real entre los sucesivos movimientos de vanguardia pict\u00f3rica y sus contrapartes en m\u00fasica? \u00bfEs comparable el lenguaje pict\u00f3rico con el musical?\u00bb<\/strong>, propuesto por Agust\u00edn Barahona. <a href=\"https:\/\/www.facebook.com\/groups\/151731984920963\/permalink\/257639530996874\/?stream_ref=2\"><abbr title=\"martes, 27 de Marzo de 2012 a la(s) 11:23\" data-utime=\"1332840236\">27 de Marzo de 2012 a la(s) 11:23<\/abbr><\/a><\/p>\n<p><abbr>6.- <\/abbr><strong>\u00ab\u00bfQu\u00e9 son las vanguardias en la m\u00fasica y cu\u00e1l es su sentido y funci\u00f3n?\u00bb<\/strong>, propuesto por Agust\u00edn Barahona. <a href=\"https:\/\/www.facebook.com\/groups\/151731984920963\/permalink\/258692087558285\/?stream_ref=2\"><abbr title=\"jueves, 29 de Marzo de 2012 a la(s) 2:13\" data-utime=\"1332980039\">29 de Marzo de 2012 a la(s) 2:13<\/abbr><\/a><\/p>\n<p><abbr>7.- <\/abbr><strong>\u00abM\u00fasica accesible pero contempor\u00e1nea, moderna, para dar a conocer en Radio Cl\u00e1sica\u00bb<\/strong>, propuesto por Luis Angel de Benito. <a href=\"https:\/\/www.facebook.com\/groups\/151731984920963\/permalink\/258256204268540\/?stream_ref=2\"><abbr title=\"mi\u00e9rcoles, 28 de Marzo de 2012 a la(s) 10:39\" data-utime=\"1332923946\">28 de Marzo de 2012 a la(s) 10:39<\/abbr><\/a><\/p>\n<p><abbr>8.- <\/abbr><strong>\u00ab\u00bfC\u00f3mo influye la formaci\u00f3n acad\u00e9mica en la composici\u00f3n?\u00bb<\/strong>, propuesto por Agust\u00edn Barahona. <a href=\"https:\/\/www.facebook.com\/groups\/151731984920963\/permalink\/260498464044314\/?stream_ref=2\"><abbr title=\"domingo, 1 de abril de 2012 a la(s) 1:44\" data-utime=\"1333237467\">1 de abril de 2012 a la(s) 1:44<\/abbr><\/a><\/p>\n<p><abbr>9.- <\/abbr><strong>\u00ab\u00bfSe puede distinguir una composici\u00f3n vanguardista de una composici\u00f3n infantil o de una composici\u00f3n hecha por un ordenador?\u00bb<\/strong>, propuesto por Ana B. Ros. <a href=\"https:\/\/www.facebook.com\/groups\/151731984920963\/permalink\/261321043962056\/?stream_ref=2\"><abbr title=\"lunes, 2 de abril de 2012 a la(s) 12:29\" data-utime=\"1333362565\">2 de abril de 2012 a la(s) 12:29<\/abbr><\/a><\/p>\n<p><abbr>10.- <\/abbr><strong>\u00ab\u00bfTras la postmodernidad y las posterior as\u00ed llamada Globalizaci\u00f3n \u00bfEs o no vigente la Modernidad?\u00bb<\/strong>, propuesto por Francisco Jos\u00e9 Mart\u00edn Jaime. <a href=\"https:\/\/www.facebook.com\/groups\/151731984920963\/permalink\/261664313927729\/?stream_ref=2\"><abbr title=\"martes, 3 de abril de 2012 a la(s) 0:20\" data-utime=\"1333405211\">3 de abril de 2012 a la(s) 0:20<\/abbr><\/a><\/p>\n<p><abbr>11.- <\/abbr><strong>\u00ab\u00bfEn la m\u00fasica art\u00edstica todo vale, sin posible discriminaci\u00f3n de calidad?\u00bb<\/strong>, propuesto por Agust\u00edn Barahona. <a href=\"https:\/\/www.facebook.com\/groups\/151731984920963\/permalink\/262634827164011\/?stream_ref=2\"><abbr title=\"mi\u00e9rcoles, 4 de abril de 2012 a la(s) 14:50\" data-utime=\"1333543802\">4 de abril de 2012 a la(s) 14:50<\/abbr><\/a><\/p>\n<p><abbr>12.- <\/abbr><strong>\u00ab\u00bfCu\u00e1l es el papel de la notaci\u00f3n musical en la interpretaci\u00f3n?\u00bb<\/strong>, propuesto por Agust\u00edn Barahona. <a href=\"https:\/\/www.facebook.com\/groups\/151731984920963\/permalink\/263456987081795\/?stream_ref=2\"><abbr title=\"jueves, 5 de abril de 2012 a la(s) 21:36\" data-utime=\"1333654579\">5 de abril de 2012 a la(s) 21:36<\/abbr><\/a><\/p>\n<p><abbr>13.- <\/abbr><strong>\u00ab\u00bfQu\u00e9 imagen tiene de la m\u00fasica de vanguardia el p\u00fablico y quienes no tienen miedo a decir que \u00abel rey est\u00e1 desnudo\u00bb?\u00bb<\/strong>, propuesto por Agust\u00edn Barahona. <a href=\"https:\/\/www.facebook.com\/groups\/151731984920963\/permalink\/263956877031806\/?stream_ref=2\"><abbr title=\"viernes, 6 de abril de 2012 a la(s) 19:02\" data-utime=\"1333731752\">6 de abril de 2012 a la(s) 19:02<\/abbr><\/a><\/p>\n<p><abbr>14.- <\/abbr><strong>\u00ab\u00bfEs posible componer ahora una m\u00fasica tonal de tanta calidad como la de Bach, la de Mozart o la de Beethoven?\u00bb<\/strong>, propuesto por Jos\u00e9 del Rinc\u00f3n. <a href=\"https:\/\/www.facebook.com\/groups\/151731984920963\/permalink\/265881233506037\/?stream_ref=2\"><abbr title=\"lunes, 9 de abril de 2012 a la(s) 23:57\" data-utime=\"1334008679\">9 de abril de 2012 a la(s) 23:57<\/abbr><\/a><\/p>\n<p><abbr>15.- <\/abbr><strong>\u00ab\u00bfSon adecuados los m\u00e9todos de subvenci\u00f3n y ayudas a la m\u00fasica en Espa\u00f1a?\u00bb<\/strong>, propuesto por Agust\u00edn Barahona. <a href=\"https:\/\/www.facebook.com\/groups\/151731984920963\/permalink\/267284650032362\/?stream_ref=2\"><abbr title=\"jueves, 12 de abril de 2012 a la(s) 4:31\" data-utime=\"1334197869\">12 de abril de 2012 a la(s) 4:31<\/abbr><\/a><\/p>\n<p><abbr>16.- <\/abbr><strong>\u00ab\u00bfEs la m\u00fasica un lenguaje?\u00bb<\/strong>, propuesto por Agust\u00edn Barahona. <a href=\"https:\/\/www.facebook.com\/groups\/151731984920963\/permalink\/269337326493761\/?stream_ref=2\"><abbr title=\"domingo, 15 de abril de 2012 a la(s) 11:43\" data-utime=\"1334482980\">15 de abril de 2012 a la(s) 11:43<\/abbr><\/a><\/p>\n<p><abbr>17.- <\/abbr><strong>\u00ab\u00bfEs la legislaci\u00f3n en educaci\u00f3n musical vigente la m\u00e1s adecuada?\u00bb<\/strong>, por Agust\u00edn Barahona. <a href=\"https:\/\/www.facebook.com\/groups\/151731984920963\/permalink\/273388022755358\/?stream_ref=2\"><abbr title=\"jueves, 19 de abril de 2012 a la(s) 16:53\" data-utime=\"1334847210\">19 de abril de 2012 a la(s) 16:53<\/abbr><\/a><\/p>\n<p><abbr>18.- <\/abbr><strong>\u00ab\u00bfC\u00f3mo podr\u00edan financiarse las orquestas e instituciones concert\u00edsticas espa\u00f1olas para garantizar susupervivencia?\u00bb<\/strong>, por Agust\u00edn Barahona. <a href=\"https:\/\/www.facebook.com\/groups\/151731984920963\/permalink\/277246012369559\/?stream_ref=2\"><abbr title=\"mi\u00e9rcoles, 25 de abril de 2012 a la(s) 13:09\" data-utime=\"1335352168\">25 de abril de 2012 a la(s) 13:09<\/abbr><\/a><\/p>\n<p>19.- <strong>\u00ab\u00bfCu\u00e1l es el papel de la cr\u00edtica musical?\u00bb<\/strong>, propuesto por Justo Ariadna. <a href=\"https:\/\/www.facebook.com\/groups\/151731984920963\/permalink\/279741895453304\/?stream_ref=2\"><abbr title=\"s\u00e1bado, 28 de abril de 2012 a la(s) 14:32\" data-utime=\"1335616327\">28 de abril de 2012 a la(s) 14:32<\/abbr><\/a><\/p>\n<p>20.- <strong>\u00ab\u00bfDeber\u00edan los criterios de los tribunales y jurados de concursos musicales ser expl\u00edcitamente publicados previamente y, por lo tanto, defendidos argumentalmente por \u00e9stos no siendo ya inapelables?\u00bb<\/strong>, propuesto por&nbsp; Agust\u00edn Barahona. <a href=\"https:\/\/www.facebook.com\/groups\/151731984920963\/permalink\/285727158188111\/?stream_ref=2\"><abbr title=\"lunes, 7 de mayo de 2012 a la(s) 11:45\" data-utime=\"1336383906\">7 de mayo de 2012 a la(s) 11:45<\/abbr><\/a><\/p>\n<p>21.- <strong>\u00ab\u00bfEn qu\u00e9 consiste la legitimaci\u00f3n de las corrientes vanguardistas en m\u00fasica?\u00bb<\/strong>, propuesto por Ana B. Ros. <a href=\"https:\/\/www.facebook.com\/groups\/151731984920963\/permalink\/286721148088712\/?stream_ref=2\"><abbr title=\"mi\u00e9rcoles, 9 de mayo de 2012 a la(s) 1:47\" data-utime=\"1336520879\">9 de mayo de 2012 a la(s) 1:47<\/abbr><\/a><\/p>\n<p>22.- <strong>\u00ab\u00bfCu\u00e1les son los problemas reales y cualidades que forman parte de la direcci\u00f3n de orquesta?\u00bb<\/strong>, propuesto por Ana B. Ros. <a href=\"https:\/\/www.facebook.com\/groups\/151731984920963\/permalink\/289557024471791\/?stream_ref=2\"><abbr title=\"domingo, 13 de mayo de 2012 a la(s) 19:01\" data-utime=\"1336928463\">13 de mayo de 2012 a la(s) 19:01<\/abbr><\/a><\/p>\n<p>23.- <strong>\u00ab\u00bfPuede la m\u00fasica evolucionar o cada m\u00fasica s\u00f3lo depende de su contexto?\u00bb<\/strong>, propuesto por Agust\u00edn Barahona.<abbr> <\/abbr><a href=\"https:\/\/www.facebook.com\/groups\/151731984920963\/permalink\/290864841007676\/?stream_ref=2\"><abbr title=\"martes, 15 de mayo de 2012 a la(s) 20:48\" data-utime=\"1337107726\">15 de mayo de 2012 a la(s) 20:48<\/abbr><\/a><\/p>\n<p>24.- <strong>\u00abLo horroroso\/espantoso de la m\u00fasica cl\u00e1sica explicado\u00bb<\/strong>, porpuesto por Lindsay Varmun.<abbr> <\/abbr><a href=\"https:\/\/www.facebook.com\/groups\/151731984920963\/permalink\/299701760123984\/?stream_ref=2\"><abbr title=\"mi\u00e9rcoles, 30 de mayo de 2012 a la(s) 13:00\" data-utime=\"1338375655\">30 de mayo de 2012 a la(s) 13:00<\/abbr><\/a><\/p>\n<p>25.- <strong>\u00ab\u00bfA qui\u00e9n pertenece la composici\u00f3n, a su autor o a todo el que desee cambiarla?\u00bb<\/strong>, porpuesto por Ana B. Ros. <a href=\"https:\/\/www.facebook.com\/groups\/151731984920963\/permalink\/302914539802706\/?stream_ref=2\"><abbr title=\"lunes, 4 de junio de 2012 a la(s) 15:57\" data-utime=\"1338818265\">4 de junio de 2012 a la(s) 15:57<\/abbr><\/a><\/p>\n<p>26.- <strong>\u00abLos int\u00e9rpretes solistas deben o no deben tocar con la partitura delante?\u00bb<\/strong>, propuesto por Agust\u00edn Barahona. <a href=\"https:\/\/www.facebook.com\/groups\/151731984920963\/permalink\/316436631783830\/?stream_ref=2\"><abbr title=\"viernes, 29 de junio de 2012 a la(s) 13:43\" data-utime=\"1340970215\">29 de junio de 2012 a la(s) 13:43<\/abbr><\/a><\/p>\n<p>27.- <strong>\u00ab\u00bfSon las ediciones de la SGAE una verg\u00fcenza?\u00bb<\/strong>, propuesto por Susana Von Brabant. <a href=\"https:\/\/www.facebook.com\/groups\/151731984920963\/permalink\/316991291728364\/?stream_ref=2\"><abbr title=\"s\u00e1bado, 30 de junio de 2012 a la(s) 13:27\" data-utime=\"1341055621\">30 de junio de 2012 a la(s) 13:27<\/abbr><\/a><\/p>\n<p>28.- <strong>\u00ab\u00bfQu\u00e9 es Arte? \u00bfTodo es Arte?\u00bb<\/strong>, propuesto por Santiago Urbana. <a href=\"https:\/\/www.facebook.com\/groups\/151731984920963\/permalink\/320373154723511\/?stream_ref=2\"><abbr title=\"s\u00e1bado, 7 de Julio de 2012 a la(s) 17:34\" data-utime=\"1341675257\">7 de Julio de 2012 a la(s) 17:34<\/abbr><\/a><\/p>\n<p>29.- <strong>\u00abEl repertorio de la programaci\u00f3n did\u00e1ctica en piano\u00bb<\/strong>, propuesto por Agust\u00edn Barahona. <a href=\"https:\/\/www.facebook.com\/groups\/151731984920963\/permalink\/323642151063278\/?stream_ref=2\"><abbr title=\"martes, 17 de Julio de 2012 a la(s) 0:48\" data-utime=\"1342478930\">17 de Julio de 2012 a la(s) 0:48<\/abbr><\/a><\/p>\n<p>30.- <strong>\u00abMotivos para las diferencias de sueldos entre cultura y espect\u00e1culo\u00bb<\/strong>, propuesto por Iker Saez Li\u00e9bana. <a href=\"https:\/\/www.facebook.com\/groups\/151731984920963\/permalink\/329847553776071\/?stream_ref=2\"><abbr title=\"viernes, 3 de agosto de 2012 a la(s) 11:53\" data-utime=\"1343987590\">3 de agosto de 2012 a la(s) 11:53<\/abbr><\/a><\/p>\n<p>31.- <strong>\u00abMotivos para la exclusi\u00f3n de determinados compositores u obras en los repertorios habituales\u00bb<\/strong>, propuesto por Agust\u00edn Barahona. <a href=\"https:\/\/www.facebook.com\/groups\/151731984920963\/permalink\/350895605004599\/?stream_ref=2\"><abbr title=\"domingo, 30 de septiembre de 2012 a la(s) 21:20\" data-utime=\"1349032801\">30 de septiembre de 2012 a la(s) 21:20<\/abbr><\/a><\/p>\n<p>32.- <strong>\u00ab\u00bfSe puede en nuestros d\u00edas vivir s\u00f3lo de la composici\u00f3n?\u00bb<\/strong>, propuesto por Agust\u00edn Barahona. <a href=\"https:\/\/www.facebook.com\/groups\/151731984920963\/permalink\/374755875951905\/?stream_ref=2\"><abbr title=\"viernes, 30 de noviembre de 2012 a la(s) 16:24\" data-utime=\"1354289058\">30 de noviembre de 2012 a la(s) 16:24<\/abbr><\/a><\/p>\n<p>33.- <strong>\u00ab\u00bfPodemos saber c\u00f3mo sonaba la m\u00fasica medieval o estamos demasiado atados a clich\u00e9s err\u00f3neos\u00bb<\/strong>, propuesto por Cristina Al\u00eds Raurich.&nbsp;<a href=\"https:\/\/www.facebook.com\/groups\/151731984920963\/permalink\/451232831637542\/?stream_ref=2\"><abbr title=\"s\u00e1bado, 11 de mayo de 2013 a la(s) 13:53\" data-utime=\"1368273204\">11 de mayo de 2013 a la(s) 13:53<\/abbr><\/a><\/p>\n<p>34.- <a href=\"https:\/\/www.agustinbarahona.com\/blog\/?p=788\" target=\"_blank\" rel=\"noopener noreferrer\"><strong>\u00ab\u00bfPueden realmente los especialistas de una naci\u00f3n participar en la elaboraci\u00f3n de las normas que les afectan y ata\u00f1en?\u00bb<\/strong><\/a>, propuesto por Agust\u00edn Barahona.<a href=\"https:\/\/www.facebook.com\/groups\/151731984920963\/permalink\/472419936185498\/?stream_ref=2\"><abbr title=\"martes, 25 de junio de 2013 a la(s) 13:31\" data-utime=\"1372159901\">25 de junio de 2013 a la(s) 13:31<\/abbr><\/a> \u00b7 <a id=\"js_200\" role=\"button\" href=\"https:\/\/www.facebook.com\/groups\/151731984920963\/#\" rel=\"dialog\" data-hover=\"tooltip\">Editado<\/a><\/p>\n<p>35.- <a href=\"https:\/\/www.agustinbarahona.com\/blog\/se-pierde-publico-filarmonico\" target=\"_blank\" rel=\"noopener noreferrer\"><strong>\u00ab\u00bfSe pierde p\u00fablico filarm\u00f3nico por culpa de los m\u00fasicos?\u00bb<\/strong><\/a>, propuesto por Agust\u00edn Barahona. <a href=\"https:\/\/www.facebook.com\/groups\/151731984920963\/permalink\/478899992204159\/?stream_ref=2\"><abbr title=\"domingo, 7 de Julio de 2013 a la(s) 19:35\" data-utime=\"1373218507\">7 de Julio de 2013 a la(s) 19:35<\/abbr><\/a><\/p>\n<p>36.- <a href=\"https:\/\/www.agustinbarahona.com\/blog\/?p=386\" target=\"_blank\" rel=\"noopener noreferrer\"><strong>\u00ab\u00bfSe pueden aislar realmente los rasgos distintivos del estilo de un compositor como para que un programa de ordenador pueda discriminar autor\u00edas que la investigaci\u00f3n musicol\u00f3gica no ha podido determinar?\u00bb<\/strong><\/a>, propuesto por Agust\u00edn Barahona. <a href=\"https:\/\/www.facebook.com\/groups\/151731984920963\/permalink\/480599648700860\/?stream_ref=2\"><abbr title=\"jueves, 11 de Julio de 2013 a la(s) 0:50\" data-utime=\"1373496627\">11 de Julio de 2013 a la(s) 0:50<\/abbr><\/a><\/p>\n<p>37.- <a href=\"https:\/\/www.agustinbarahona.com\/blog\/?p=235\" target=\"_blank\" rel=\"noopener noreferrer\"><strong>\u00abSiete t\u00f3picos contempor\u00e1neos\u00bb<\/strong><\/a>, propuesto por Luis Angel de Benito. <a href=\"https:\/\/www.facebook.com\/groups\/151731984920963\/permalink\/571682076259283\/?stream_ref=2\"><abbr title=\"martes, 31 de diciembre de 2013 a la(s) 2:34\" data-utime=\"1388453647\">31 de diciembre de 2013 a la(s) 2:34<\/abbr><\/a><\/p>\n<p>38.- <a href=\"https:\/\/www.agustinbarahona.com\/blog\/?p=231\"><strong>\u00abEl doble rasero sobre el uso del lenguajemusical\u00bb<\/strong><\/a>, propuesto por Agust\u00edn Barahona. <a href=\"https:\/\/www.facebook.com\/groups\/151731984920963\/permalink\/574355209325303\/?stream_ref=2\"><abbr title=\"domingo, 5 de enero de 2014 a la(s) 2:21\" data-utime=\"1388884919\">5 de enero de 2014&nbsp; a la(s) 2:21<\/abbr><\/a><\/p>\n<p>39.- <a href=\"https:\/\/www.agustinbarahona.com\/blog\/?p=226\" target=\"_blank\" rel=\"noopener noreferrer\"><strong>\u00abLas programaciones h\u00edbridas: una trampa para desinformados\u00bb<\/strong><\/a>, propuesto por Agust\u00edn Barahona. <a href=\"https:\/\/www.facebook.com\/groups\/151731984920963\/permalink\/577148305712660\/?stream_ref=2\"><abbr title=\"viernes, 10 de enero de 2014 a la(s) 18:29\" data-utime=\"1389374949\">10 de enero de 2014 a la(s) 18:29<\/abbr><\/a><\/p>\n<p>40.- <strong>\u00ab<a href=\"https:\/\/www.agustinbarahona.com\/blog\/?p=219\">\u00bfQu\u00e9 tipo de &#8216;m\u00fasica culta&#8217; se compra m\u00e1s y qu\u00e9 significado puede atribu\u00edrse a este hecho?<\/a>\u00bb<\/strong>, propuesto por Agust\u00edn Barahona. <a href=\"https:\/\/www.facebook.com\/groups\/151731984920963\/permalink\/577690138991810\/?stream_ref=2\"><abbr title=\"domingo, 12 de enero de 2014 a la(s) 1:04\" data-utime=\"1389485079\">12 de enero de 2014 a la(s) 1:04<\/abbr><\/a><\/p>\n<p>41.- <a href=\"https:\/\/www.agustinbarahona.com\/blog\/?p=216\" target=\"_blank\" rel=\"noopener noreferrer\"><strong>\u00ab\u00bfDeben las orquestas p\u00fablicas programar siempre m\u00fasica culta que guste a la mayor\u00eda de su p\u00fablico?\u00bb<\/strong><\/a>, propuesto por Agust\u00edn Barahona. <a href=\"https:\/\/www.facebook.com\/groups\/151731984920963\/permalink\/578365415590949\/?stream_ref=2\"><abbr title=\"lunes, 13 de enero de 2014 a la(s) 13:25\" data-utime=\"1389615955\">13 de enero de 2014 a la(s) 13:25<\/abbr><\/a><\/p>\n<p>42.- <a href=\"https:\/\/www.agustinbarahona.com\/blog\/?p=209\" target=\"_blank\" rel=\"noopener noreferrer\"><strong>\u00ab\u00bfLa ininteligibilidad de las producciones sonoras se presta a la farsa?\u00bb<\/strong><\/a>, propuesto por Agust\u00edn Barahona. <a href=\"https:\/\/www.facebook.com\/groups\/151731984920963\/permalink\/579663248794499\/?stream_ref=2\"><abbr title=\"jueves, 16 de enero de 2014 a la(s) 10:01\" data-utime=\"1389862902\">16 de enero a la(s) 10:01<\/abbr><\/a><\/p>\n<p>43.- <a href=\"https:\/\/www.agustinbarahona.com\/blog\/?p=206\" target=\"_blank\" rel=\"noopener noreferrer\"><strong>\u00ab\u00bfEs posible educar el gusto musical para que nos guste lo que nos desagrada?\u00bb<\/strong><\/a>, propuesto por Agust\u00edn Barahona. <a href=\"https:\/\/www.facebook.com\/groups\/151731984920963\/permalink\/580944745333016\/?stream_ref=2\"><abbr title=\"s\u00e1bado, 18 de enero de 2014 a la(s) 18:29\" data-utime=\"1390066150\">18 de enero a la(s) 18:29<\/abbr><\/a><\/p>\n<p>44.- <strong><a href=\"https:\/\/www.agustinbarahona.com\/blog\/?p=269\" target=\"_blank\" rel=\"noopener noreferrer\">\u00abPapel de la educaci\u00f3n del m\u00fasico en la m\u00fasica de n\u00facleo atonal y viceversa\u00bb<\/a><\/strong>, propuesto por Agust\u00edn Barahona.<\/p>\n<p>45.- <strong><a href=\"https:\/\/www.agustinbarahona.com\/blog\/?p=379\" target=\"_blank\" rel=\"noopener noreferrer\">\u00ab\u00bfQu\u00e9 significa ser compositor contempor\u00e1neo?\u00bb<\/a><\/strong>, propuesto por Agust\u00edn Barahona.<\/p>\n<p>46.- <a href=\"https:\/\/www.agustinbarahona.com\/blog\/?p=392\" target=\"_blank\" rel=\"noopener noreferrer\"><strong>\u00ab\u00bfEn qu\u00e9 consite la calidad de la m\u00fasica de n\u00facleo atonalista?\u00bb<\/strong><\/a>, propuesto por Agust\u00edn Barahona.<\/p>\n","protected":false},"excerpt":{"rendered":"<p>Debates en \u00abM\u00fasica Cl\u00e1sica y Cultura (M&amp;C)\u00bb (normas y estructura del foro) (los originalmente publicados en facebook tienen enlace). 1.- \u00abPapel de hecho y de derecho de la M\u00fasica Cl\u00e1sica en la cultura de nuestro tiempo en el as\u00ed llamado &#8216;mundo occidental&#8217; y modos de colaboraci\u00f3n parala realizaci\u00f3n y desarrollo adecuados de dicho papel\u00bb, propuesto [&hellip;]<\/p>\n","protected":false},"author":1,"featured_media":0,"parent":155,"menu_order":0,"comment_status":"open","ping_status":"open","template":"","meta":{"_monsterinsights_skip_tracking":false,"_monsterinsights_sitenote_active":false,"_monsterinsights_sitenote_note":"","_monsterinsights_sitenote_category":0,"footnotes":""},"class_list":["post-159","page","type-page","status-publish","hentry"],"aioseo_notices":[],"jetpack_sharing_enabled":true,"_links":{"self":[{"href":"https:\/\/www.agustinbarahona.com\/blog\/wp-json\/wp\/v2\/pages\/159","targetHints":{"allow":["GET"]}}],"collection":[{"href":"https:\/\/www.agustinbarahona.com\/blog\/wp-json\/wp\/v2\/pages"}],"about":[{"href":"https:\/\/www.agustinbarahona.com\/blog\/wp-json\/wp\/v2\/types\/page"}],"author":[{"embeddable":true,"href":"https:\/\/www.agustinbarahona.com\/blog\/wp-json\/wp\/v2\/users\/1"}],"replies":[{"embeddable":true,"href":"https:\/\/www.agustinbarahona.com\/blog\/wp-json\/wp\/v2\/comments?post=159"}],"version-history":[{"count":58,"href":"https:\/\/www.agustinbarahona.com\/blog\/wp-json\/wp\/v2\/pages\/159\/revisions"}],"predecessor-version":[{"id":6545,"href":"https:\/\/www.agustinbarahona.com\/blog\/wp-json\/wp\/v2\/pages\/159\/revisions\/6545"}],"up":[{"embeddable":true,"href":"https:\/\/www.agustinbarahona.com\/blog\/wp-json\/wp\/v2\/pages\/155"}],"wp:attachment":[{"href":"https:\/\/www.agustinbarahona.com\/blog\/wp-json\/wp\/v2\/media?parent=159"}],"curies":[{"name":"wp","href":"https:\/\/api.w.org\/{rel}","templated":true}]}}