{"id":7,"date":"2007-04-16T22:21:08","date_gmt":"2007-04-16T21:21:08","guid":{"rendered":"http:\/\/www.agustinbarahona.com\/blog\/?page_id=7"},"modified":"2025-12-07T23:15:48","modified_gmt":"2025-12-07T22:15:48","slug":"acerca-del-autor-de-razonando-se-entiende-la-gente","status":"publish","type":"page","link":"https:\/\/www.agustinbarahona.com\/blog\/acerca-del-autor-de-razonando-se-entiende-la-gente\/","title":{"rendered":"Acerca de quien administra este sitio"},"content":{"rendered":"<div style=\"background-color: #cceeee; padding: 25px;\"><img loading=\"lazy\" decoding=\"async\" class=\"wp-image-6023 alignleft\" src=\"https:\/\/www.agustinbarahona.com\/blog\/wp-content\/uploads\/Foto1-300x277-300x277.jpg\" alt=\"\" width=\"112\" height=\"103\" \/>Este Blog est\u00e1 realizado y mantenido por Agust\u00edn Barahona Juan, persona humanista con humilde vocaci\u00f3n <em>filos\u00f3fica<\/em>, <em>pol\u00edmata<\/em> y <em>pol\u00edgrafa<\/em>, pues procura dedicarse con toda la intensidad y profundidad que la vida le permite tanto a <strong>Ciencias<\/strong> como a <strong>Artes<\/strong> y <strong>Letras<\/strong>. Esta breve nota biogr\u00e1fica ser\u00e1 ampliada lo m\u00ednimo imprescindible en el futuro.<\/div>\n","protected":false},"excerpt":{"rendered":"<p>Este Blog est\u00e1 realizado y mantenido por Agust\u00edn Barahona Juan, persona humanista con humilde vocaci\u00f3n filos\u00f3fica, pol\u00edmata y pol\u00edgrafa, pues procura dedicarse con toda la intensidad y profundidad que la vida le permite tanto a Ciencias como a Artes y Letras. Esta breve nota biogr\u00e1fica ser\u00e1 ampliada lo m\u00ednimo imprescindible en el futuro.<\/p>\n","protected":false},"author":1,"featured_media":0,"parent":0,"menu_order":0,"comment_status":"open","ping_status":"open","template":"","meta":{"_monsterinsights_skip_tracking":false,"_monsterinsights_sitenote_active":false,"_monsterinsights_sitenote_note":"","_monsterinsights_sitenote_category":0,"footnotes":""},"class_list":["post-7","page","type-page","status-publish","hentry"],"aioseo_notices":[],"jetpack_sharing_enabled":true,"_links":{"self":[{"href":"https:\/\/www.agustinbarahona.com\/blog\/wp-json\/wp\/v2\/pages\/7","targetHints":{"allow":["GET"]}}],"collection":[{"href":"https:\/\/www.agustinbarahona.com\/blog\/wp-json\/wp\/v2\/pages"}],"about":[{"href":"https:\/\/www.agustinbarahona.com\/blog\/wp-json\/wp\/v2\/types\/page"}],"author":[{"embeddable":true,"href":"https:\/\/www.agustinbarahona.com\/blog\/wp-json\/wp\/v2\/users\/1"}],"replies":[{"embeddable":true,"href":"https:\/\/www.agustinbarahona.com\/blog\/wp-json\/wp\/v2\/comments?post=7"}],"version-history":[{"count":15,"href":"https:\/\/www.agustinbarahona.com\/blog\/wp-json\/wp\/v2\/pages\/7\/revisions"}],"predecessor-version":[{"id":9939,"href":"https:\/\/www.agustinbarahona.com\/blog\/wp-json\/wp\/v2\/pages\/7\/revisions\/9939"}],"wp:attachment":[{"href":"https:\/\/www.agustinbarahona.com\/blog\/wp-json\/wp\/v2\/media?parent=7"}],"curies":[{"name":"wp","href":"https:\/\/api.w.org\/{rel}","templated":true}]}}